




{"id":11,"date":"2020-09-03T06:50:29","date_gmt":"2020-09-03T06:50:29","guid":{"rendered":"http:\/\/akaram.ch\/?page_id=11"},"modified":"2021-04-29T14:05:39","modified_gmt":"2021-04-29T14:05:39","slug":"uber-uns","status":"publish","type":"page","link":"https:\/\/akaram.ch\/en\/uber-uns\/","title":{"rendered":"About Us"},"content":{"rendered":"\n<figure class=\"wp-block-image size-large subheader-image about-us\"><img loading=\"lazy\" decoding=\"async\" width=\"1024\" height=\"468\" src=\"https:\/\/akaram.ch\/wp-content\/uploads\/2020\/09\/subheader_about_us-1-1024x468.jpg\" alt=\"\" class=\"wp-image-632\" srcset=\"https:\/\/akaram.ch\/en\/wp-content\/uploads\/sites\/3\/2020\/09\/subheader_about_us-1-1024x468.jpg 1024w, https:\/\/akaram.ch\/en\/wp-content\/uploads\/sites\/3\/2020\/09\/subheader_about_us-1-300x137.jpg 300w, https:\/\/akaram.ch\/en\/wp-content\/uploads\/sites\/3\/2020\/09\/subheader_about_us-1-768x351.jpg 768w, https:\/\/akaram.ch\/en\/wp-content\/uploads\/sites\/3\/2020\/09\/subheader_about_us-1-1536x702.jpg 1536w, https:\/\/akaram.ch\/en\/wp-content\/uploads\/sites\/3\/2020\/09\/subheader_about_us-1-2048x937.jpg 2048w\" sizes=\"auto, (max-width: 1024px) 100vw, 1024px\" \/><\/figure>\n\n\n\n<div class=\"wp-block-group page-section-group has-dark-gray-color has-text-color\"><div class=\"wp-block-group__inner-container is-layout-flow wp-block-group-is-layout-flow\">\n<h1 class=\"has-text-align-center wp-block-heading\">*(managementTitle_text)*<\/h1>\n\n\n\n<div class=\"wp-block-custom-akaram-blocks-blue-line blue-line-wrapper\" style=\"background-color:transparent;clear:both\"><hr class=\"blue-line\"\/><\/div>\n\n\n<div class=\"management-container\"><div class=\"management-card\"><img decoding=\"async\" class=\"management-image\" src=\"https:\/\/akaram.ch\/en\/wp-content\/uploads\/sites\/3\/2020\/09\/K.-Amstad-Bild-5.jpg\"><\/img><h2>Kurt Amstad<\/h2><p>Gr\u00fcnder und CEO<\/p><div class=\"management-description\">Herr Amstad ist Gr\u00fcnder der Firma Akaram und ist seit \u00fcber 40 Jahren aktiv t\u00e4tig f\u00fcr Akaram.<\/div><\/div><div class=\"management-card\"><img decoding=\"async\" class=\"management-image\" src=\"https:\/\/akaram.ch\/en\/wp-content\/uploads\/sites\/3\/2020\/09\/Portait-Felmann-II-scaled-1-866x1024.jpg\"><\/img><h2>Matthias Feldmann<\/h2><p>Nachfolger CEO<\/p><div class=\"management-description\">Herr Feldmann seit Januar 2021 bei der Firma Akaram.<\/div><\/div><\/div><\/div><\/div>\n\n\n<figure class=\"wp-block-image size-full production-team-image\"><img loading=\"lazy\" decoding=\"async\" width=\"2560\" height=\"1456\" src=\"https:\/\/akaram.ch\/en\/wp-content\/uploads\/sites\/3\/2020\/09\/pic_group_placeholder-scaled.jpg\" class=\"attachment-full size-full wp-post-image\" alt=\"\" srcset=\"https:\/\/akaram.ch\/en\/wp-content\/uploads\/sites\/3\/2020\/09\/pic_group_placeholder-scaled.jpg 2560w, https:\/\/akaram.ch\/en\/wp-content\/uploads\/sites\/3\/2020\/09\/pic_group_placeholder-300x171.jpg 300w, https:\/\/akaram.ch\/en\/wp-content\/uploads\/sites\/3\/2020\/09\/pic_group_placeholder-1024x583.jpg 1024w, https:\/\/akaram.ch\/en\/wp-content\/uploads\/sites\/3\/2020\/09\/pic_group_placeholder-768x437.jpg 768w, https:\/\/akaram.ch\/en\/wp-content\/uploads\/sites\/3\/2020\/09\/pic_group_placeholder-1536x874.jpg 1536w, https:\/\/akaram.ch\/en\/wp-content\/uploads\/sites\/3\/2020\/09\/pic_group_placeholder-2048x1165.jpg 2048w\" sizes=\"auto, (max-width: 2560px) 100vw, 2560px\" \/><\/figure>\n\n\n<div class=\"wp-block-group\"><div class=\"wp-block-group__inner-container is-layout-flow wp-block-group-is-layout-flow\">\n<div class=\"wp-block-group page-section-group has-light-gray-background-color has-background\"><div class=\"wp-block-group__inner-container is-layout-flow wp-block-group-is-layout-flow\">\n<h1 class=\"has-text-align-center has-dark-gray-color has-text-color wp-block-heading\">*(productionTeamTitle_text)*<\/h1>\n\n\n\n<div class=\"wp-block-custom-akaram-blocks-blue-line blue-line-wrapper\" style=\"background-color:transparent;clear:both\"><hr class=\"blue-line\"\/><\/div>\n\n\n\n<p class=\"has-text-align-center has-black-color has-text-color\">*(productionTeam_text)*<\/p>\n<\/div><\/div>\n<\/div><\/div>\n\n\n\n<div class=\"wp-block-group page-section-group\"><div class=\"wp-block-group__inner-container is-layout-flow wp-block-group-is-layout-flow\">\n<h1 class=\"has-text-align-center has-dark-gray-color has-text-color wp-block-heading\">*(timelineTitle_text)*<\/h1>\n\n\n\n<div class=\"wp-block-custom-akaram-blocks-blue-line blue-line-wrapper\" style=\"background-color:transparent;clear:both\"><hr class=\"blue-line\"\/><\/div>\n\n\n\n<p class=\"has-text-align-center\">*(timeline_text)*<\/p>\n<\/div><\/div>\n\n\n\n<div class=\"wp-block-custom-akaram-blocks-timeline-block timeline-container\"><ul><div class=\"timeline-row\"><div class=\"timeline-year-box tsy-2018\"><span class=\"timeline-dot\"><\/span><span class=\"timeline-year\">2018<\/span><\/div><li class=\"timeline-section timeline-section--right ts1\"><div class=\"timeline-section--content\">*(2018_text)*<\/div><\/li><\/div><div class=\"timeline-row\"><div class=\"timeline-year-box tsy-2017\"><span class=\"timeline-dot\"><\/span><span class=\"timeline-year\">2017<\/span><\/div><li class=\"timeline-section timeline-section--left ts2\"><div class=\"timeline-section--content\">*(2017_text)*<\/div><\/li><\/div><div class=\"timeline-row\"><div class=\"timeline-year-box tsy-2015\"><span class=\"timeline-dot\"><\/span><span class=\"timeline-year\">2015<\/span><\/div><li class=\"timeline-section timeline-section--right ts3\"><div class=\"timeline-section--content\">*(2015_text)*<\/div><\/li><\/div><div class=\"timeline-row\"><div class=\"timeline-year-box tsy-2014\"><span class=\"timeline-dot\"><\/span><span class=\"timeline-year\">2014<\/span><\/div><li class=\"timeline-section timeline-section--left ts4\"><div class=\"timeline-section--content\">*(2014_text)*<\/div><\/li><li class=\"timeline-section timeline-section--left ts5 tsi\"><img decoding=\"async\" class=\"timeline-section--image\" src=\"..\/wp-content\/uploads\/2020\/09\/pic_2014.jpg\"\/><\/li><\/div><div class=\"timeline-row\"><div class=\"timeline-year-box tsy-2012\"><span class=\"timeline-dot\"><\/span><span class=\"timeline-year\">2012<\/span><\/div><li class=\"timeline-section timeline-section--right ts6\"><div class=\"timeline-section--content\">*(2012_text)*<\/div><\/li><\/div><div class=\"timeline-row\"><div class=\"timeline-year-box tsy-2007\"><span class=\"timeline-dot\"><\/span><span class=\"timeline-year\">2007<\/span><\/div><li class=\"timeline-section timeline-section--left ts7\"><div class=\"timeline-section--content\">*(2007_text)*<\/div><\/li><li class=\"timeline-section timeline-section--right ts8 tsi\"><img decoding=\"async\" class=\"timeline-section--image\" src=\"..\/wp-content\/uploads\/2020\/09\/pic_2007.jpg\"\/><\/li><\/div><div class=\"timeline-row\"><div class=\"timeline-year-box tsy-2002\"><span class=\"timeline-dot\"><\/span><span class=\"timeline-year\">2002<\/span><\/div><li class=\"timeline-section timeline-section--left ts9 tsi\"><img decoding=\"async\" class=\"timeline-section--image\" src=\"..\/wp-content\/uploads\/2020\/09\/pic_2002.svg\"\/><\/li><li class=\"timeline-section timeline-section--right ts10\"><div class=\"timeline-section--content\">*(2002_text)*<\/div><\/li><\/div><div class=\"timeline-row\"><div class=\"timeline-year-box tsy-2000\"><span class=\"timeline-dot\"><\/span><span class=\"timeline-year\">2000<\/span><\/div><li class=\"timeline-section timeline-section--left ts11\"><div class=\"timeline-section--content\">*(2000_text)*<\/div><\/li><\/div><div class=\"timeline-row\"><div class=\"timeline-year-box tsy-1993\"><span class=\"timeline-dot\"><\/span><span class=\"timeline-year\">1993<\/span><\/div><li class=\"timeline-section timeline-section--left ts12 tsi\"><img decoding=\"async\" class=\"timeline-section--image\" src=\"..\/wp-content\/uploads\/2020\/09\/pic_1993.jpg\"\/><\/li><li class=\"timeline-section timeline-section--right ts13\"><div class=\"timeline-section--content\">*(1993_text)*<\/div><\/li><li class=\"timeline-section timeline-section--right ts14 tsa\"><div class=\"timeline-section--addition\">*(1993zusatz_text)*<\/div><\/li><\/div><div class=\"timeline-row\"><div class=\"timeline-year-box tsy-1991\"><span class=\"timeline-dot\"><\/span><span class=\"timeline-year\">1991<\/span><\/div><li class=\"timeline-section timeline-section--left ts15\"><div class=\"timeline-section--content\">*(1991_text)*<\/div><\/li><li class=\"timeline-section timeline-section--right ts16 tsi\"><img decoding=\"async\" class=\"timeline-section--image\" src=\"..\/wp-content\/uploads\/2020\/09\/pic_1991.jpg\"\/><\/li><\/div><div class=\"timeline-row\"><div class=\"timeline-year-box tsy-1990\"><span class=\"timeline-dot\"><\/span><span class=\"timeline-year\">1990<\/span><\/div><li class=\"timeline-section timeline-section--left ts17 tsi\"><img decoding=\"async\" class=\"timeline-section--image\" src=\"..\/wp-content\/uploads\/2020\/09\/pic_1990.svg\"\/><\/li><li class=\"timeline-section timeline-section--right ts18\"><div class=\"timeline-section--content\">*(1990_text)*<\/div><\/li><li class=\"timeline-section timeline-section--right ts19 tsa\"><div class=\"timeline-section--addition\">*(1990zusatz_text)*<\/div><\/li><\/div><div class=\"timeline-row\"><div class=\"timeline-year-box tsy-1988\"><span class=\"timeline-dot\"><\/span><span class=\"timeline-year\">1988<\/span><\/div><li class=\"timeline-section timeline-section--left ts20\"><div class=\"timeline-section--content\">*(1988_text)*<\/div><\/li><li class=\"timeline-section timeline-section--right ts21 tsi\"><img decoding=\"async\" class=\"timeline-section--image\" src=\"..\/wp-content\/uploads\/2020\/09\/pic_1988.svg\"\/><\/li><\/div><div class=\"timeline-row\"><div class=\"timeline-year-box tsy-1986\"><span class=\"timeline-dot\"><\/span><span class=\"timeline-year\">1986<\/span><\/div><li class=\"timeline-section timeline-section--right ts22\"><div class=\"timeline-section--content\">*(1986_text)*<\/div><\/li><\/div><div class=\"timeline-row\"><div class=\"timeline-year-box tsy-1985\"><span class=\"timeline-dot\"><\/span><span class=\"timeline-year\">1985<\/span><\/div><li class=\"timeline-section timeline-section--left ts23\"><div class=\"timeline-section--content\">*(1985_text)*<\/div><\/li><\/div><div class=\"timeline-row\"><div class=\"timeline-year-box tsy-1980\"><span class=\"timeline-dot\"><\/span><span class=\"timeline-year\">1980<\/span><\/div><li class=\"timeline-section timeline-section--left ts24 tsi\"><img decoding=\"async\" class=\"timeline-section--image\" src=\"..\/wp-content\/uploads\/2020\/09\/pic_1980.jpg\"\/><\/li><li class=\"timeline-section timeline-section--right ts25\"><div class=\"timeline-section--content\">*(1980_text)*<\/div><\/li><\/div><div class=\"timeline-row\"><div class=\"timeline-year-box tsy-1979\"><span class=\"timeline-dot\"><\/span><span class=\"timeline-year\">1979<\/span><\/div><li class=\"timeline-section timeline-section--left ts26\"><div class=\"timeline-section--content\">*(1979_text)*<\/div><\/li><li class=\"timeline-section timeline-section--right ts27 tsi\"><img decoding=\"async\" class=\"timeline-section--image\" src=\"..\/wp-content\/uploads\/2020\/09\/pic_1979.svg\"\/><\/li><\/div><\/ul><\/div>\n","protected":false},"excerpt":{"rendered":"<p>*(managementTitle_text)* *(productionTeamTitle_text)* *(productionTeam_text)* *(timelineTitle_text)* *(timeline_text)*<\/p>\n","protected":false},"author":1,"featured_media":0,"parent":0,"menu_order":0,"comment_status":"closed","ping_status":"closed","template":"","meta":{"_acf_changed":false,"footnotes":""},"class_list":["post-11","page","type-page","status-publish","hentry"],"acf":[],"_links":{"self":[{"href":"https:\/\/akaram.ch\/en\/wp-json\/wp\/v2\/pages\/11","targetHints":{"allow":["GET"]}}],"collection":[{"href":"https:\/\/akaram.ch\/en\/wp-json\/wp\/v2\/pages"}],"about":[{"href":"https:\/\/akaram.ch\/en\/wp-json\/wp\/v2\/types\/page"}],"author":[{"embeddable":true,"href":"https:\/\/akaram.ch\/en\/wp-json\/wp\/v2\/users\/1"}],"replies":[{"embeddable":true,"href":"https:\/\/akaram.ch\/en\/wp-json\/wp\/v2\/comments?post=11"}],"version-history":[{"count":4,"href":"https:\/\/akaram.ch\/en\/wp-json\/wp\/v2\/pages\/11\/revisions"}],"predecessor-version":[{"id":1399,"href":"https:\/\/akaram.ch\/en\/wp-json\/wp\/v2\/pages\/11\/revisions\/1399"}],"wp:attachment":[{"href":"https:\/\/akaram.ch\/en\/wp-json\/wp\/v2\/media?parent=11"}],"curies":[{"name":"wp","href":"https:\/\/api.w.org\/{rel}","templated":true}]}}