




{"id":22,"date":"2020-09-03T06:52:30","date_gmt":"2020-09-03T06:52:30","guid":{"rendered":"http:\/\/akaram.ch\/?page_id=22"},"modified":"2021-04-29T14:07:13","modified_gmt":"2021-04-29T14:07:13","slug":"homepage","status":"publish","type":"page","link":"https:\/\/akaram.ch\/en\/","title":{"rendered":"Homepage"},"content":{"rendered":"<div class=\"n2_clear\"><ss3-force-full-width data-overflow-x=\"body\" data-horizontal-selector=\"body\"><div class=\"n2-section-smartslider fitvidsignore  n2_clear\" data-ssid=\"2\" tabindex=\"0\" role=\"region\" aria-label=\"Slider\"><div id=\"n2-ss-2-align\" class=\"n2-ss-align\"><div class=\"n2-padding\"><div id=\"n2-ss-2\" data-creator=\"Smart Slider 3\" data-responsive=\"fullwidth\" class=\"n2-ss-slider n2-ow n2-has-hover n2notransition  \">\n\n\n\n\n\n\n\n<div class=\"n2-ss-slider-wrapper-inside\">\n        <div class=\"n2-ss-slider-1 n2_ss__touch_element n2-ow\">\n            <div class=\"n2-ss-slider-2 n2-ow\">\n                                                    <div class=\"n2-ss-background-animation n2-ow\"><\/div>\n                                <div class=\"n2-ss-slider-3 n2-ow\">\n\n                    <div class=\"n2-ss-slide-backgrounds n2-ow-all\"><div class=\"n2-ss-slide-background\" data-public-id=\"1\" data-mode=\"fill\"><div class=\"n2-ss-slide-background-image\" data-blur=\"0\" data-opacity=\"100\" data-x=\"50\" data-y=\"50\" data-alt=\"headerImage1\" data-title=\"\"><picture class=\"skip-lazy\" data-skip-lazy=\"1\"><img decoding=\"async\" src=\"\/\/akaram.ch\/en\/wp-content\/uploads\/sites\/3\/2020\/09\/pic_portal_1-scaled.jpg\" alt=\"headerImage1\" title=\"\" loading=\"lazy\" class=\"skip-lazy\" data-skip-lazy=\"1\"><\/picture><\/div><div data-color=\"RGBA(255,255,255,0)\" style=\"background-color: RGBA(255,255,255,0);\" class=\"n2-ss-slide-background-color\"><\/div><\/div><div class=\"n2-ss-slide-background\" data-public-id=\"2\" data-mode=\"fill\" aria-hidden=\"true\"><div class=\"n2-ss-slide-background-image\" data-blur=\"0\" data-opacity=\"100\" data-x=\"50\" data-y=\"50\" data-alt=\"\" data-title=\"\"><picture class=\"skip-lazy\" data-skip-lazy=\"1\"><img decoding=\"async\" src=\"\/\/akaram.ch\/en\/wp-content\/uploads\/sites\/3\/2020\/09\/subheader_about_us-1-scaled.jpg\" alt=\"\" title=\"\" loading=\"lazy\" class=\"skip-lazy\" data-skip-lazy=\"1\"><\/picture><\/div><div data-color=\"RGBA(255,255,255,0)\" style=\"background-color: RGBA(255,255,255,0);\" class=\"n2-ss-slide-background-color\"><\/div><\/div><div class=\"n2-ss-slide-background\" data-public-id=\"3\" data-mode=\"fill\" aria-hidden=\"true\"><div class=\"n2-ss-slide-background-image\" data-blur=\"0\" data-opacity=\"100\" data-x=\"50\" data-y=\"50\" data-alt=\"\" data-title=\"\"><picture class=\"skip-lazy\" data-skip-lazy=\"1\"><img decoding=\"async\" src=\"\/\/akaram.ch\/en\/wp-content\/uploads\/sites\/3\/2020\/09\/subheader_bakery-scaled.jpg\" alt=\"\" title=\"\" loading=\"lazy\" class=\"skip-lazy\" data-skip-lazy=\"1\"><\/picture><\/div><div data-color=\"RGBA(255,255,255,0)\" style=\"background-color: RGBA(255,255,255,0);\" class=\"n2-ss-slide-background-color\"><\/div><\/div><\/div>                    <div class=\"n2-ss-slider-4 n2-ow\">\n                        <svg xmlns=\"http:\/\/www.w3.org\/2000\/svg\" viewBox=\"0 0 1200 600\" data-related-device=\"desktopPortrait\" class=\"n2-ow n2-ss-preserve-size n2-ss-preserve-size--slider n2-ss-slide-limiter\"><\/svg><div data-first=\"1\" data-slide-duration=\"0\" data-id=\"3\" data-slide-public-id=\"1\" data-title=\"pic_portal_1\" class=\"n2-ss-slide n2-ow  n2-ss-slide-3\"><div role=\"note\" class=\"n2-ss-slide--focus\" tabindex=\"-1\">pic_portal_1<\/div><div class=\"n2-ss-layers-container n2-ss-slide-limiter n2-ow\"><div class=\"n2-ss-layer n2-ow n-uc-wmoYpnYYRG2J\" data-sstype=\"slide\" data-pm=\"default\"><div class=\"n2-ss-layer n2-ow n-uc-113120b2b63d5\" data-pm=\"default\" data-sstype=\"content\" data-hasbackground=\"0\"><div class=\"n2-ss-section-main-content n2-ss-layer-with-background n2-ss-layer-content n2-ow n-uc-113120b2b63d5-inner\"><div class=\"n2-ss-layer n2-ow slider-text n-uc-VCzFjFLBxzon\" data-pm=\"absolute\" data-responsiveposition=\"1\" data-desktopportraitleft=\"0\" data-tabletportraitleft=\"0\" data-desktopportraittop=\"150\" data-tabletportraittop=\"150\" data-responsivesize=\"1\" data-desktopportraitwidth=\"316\" data-tabletportraitwidth=\"531\" data-desktopportraitheight=\"auto\" data-tabletportraitheight=\"auto\" data-desktopportraitalign=\"left\" data-tabletportraitalign=\"left\" data-desktopportraitvalign=\"top\" data-tabletportraitvalign=\"top\" data-parentid=\"\" data-desktopportraitparentalign=\"center\" data-desktopportraitparentvalign=\"middle\" data-hidemobileportrait=\"1\" data-sstype=\"layer\"><div id=\"n2-ss-2item1\" class=\"n2-font-aec1985468ed10f50aa711106ee10999-hover   n2-ss-item-content n2-ss-text n2-ow\" style=\"display:block;\">B\u00e4ckerei und <br>Lebensmittel<\/div><\/div><div class=\"n2-ss-layer n2-ow slider-text n-uc-oqCGisklYZCY\" data-pm=\"absolute\" data-responsiveposition=\"1\" data-desktopportraitleft=\"0\" data-desktopportraittop=\"250\" data-responsivesize=\"1\" data-desktopportraitwidth=\"40\" data-desktopportraitheight=\"auto\" data-desktopportraitalign=\"left\" data-desktopportraitvalign=\"top\" data-parentid=\"\" data-desktopportraitparentalign=\"center\" data-desktopportraitparentvalign=\"middle\" data-hidemobileportrait=\"1\" data-sstype=\"layer\"><div class=\"n2-ss-item-content n2-ss-text n2-ow-all\"><div class=\"\"><p class=\"n2-font-a8ff3a33f2d9030f07fa64af0723402a-paragraph   \"><b>\u2015<\/b><\/p>\n<\/div><\/div><\/div><div class=\"n2-ss-layer n2-ow slider-text n-uc-AciYlg1Ak2hh\" data-pm=\"absolute\" data-responsiveposition=\"1\" data-desktopportraitleft=\"0\" data-desktopportraittop=\"300\" data-responsivesize=\"1\" data-desktopportraitwidth=\"731\" data-desktopportraitheight=\"auto\" data-desktopportraitalign=\"left\" data-desktopportraitvalign=\"top\" data-parentid=\"\" data-desktopportraitparentalign=\"center\" data-desktopportraitparentvalign=\"middle\" data-hidemobileportrait=\"1\" data-sstype=\"layer\"><div class=\"n2-ss-item-content n2-ss-text n2-ow-all\"><div class=\"\"><p class=\"n2-font-059b2fffbb60be13e8adc4f1afbea316-paragraph   \">Ihr Spezialist f\u00fcr Contibake, Wollfilze,<br \/>\nGargeh\u00e4nge und Spreizb\u00e4nder<\/p>\n<\/div><\/div><\/div><\/div><\/div><\/div><\/div><\/div><div data-slide-duration=\"0\" data-id=\"9\" data-slide-public-id=\"2\" aria-hidden=\"true\" data-title=\"subheader_about_us\" class=\"n2-ss-slide n2-ow  n2-ss-slide-9\"><div role=\"note\" class=\"n2-ss-slide--focus\" tabindex=\"-1\">subheader_about_us<\/div><div class=\"n2-ss-layers-container n2-ss-slide-limiter n2-ow\"><div class=\"n2-ss-layer n2-ow n-uc-Xsx8Mn1AABDe\" data-sstype=\"slide\" data-pm=\"default\"><\/div><\/div><\/div><div data-slide-duration=\"0\" data-id=\"10\" data-slide-public-id=\"3\" aria-hidden=\"true\" data-title=\"subheader_bakery\" class=\"n2-ss-slide n2-ow  n2-ss-slide-10\"><div role=\"note\" class=\"n2-ss-slide--focus\" tabindex=\"-1\">subheader_bakery<\/div><div class=\"n2-ss-layers-container n2-ss-slide-limiter n2-ow\"><div class=\"n2-ss-layer n2-ow n-uc-4OkhwZBN8Djm\" data-sstype=\"slide\" data-pm=\"default\"><\/div><\/div><\/div>                    <\/div>\n\n                                    <\/div>\n            <\/div>\n        <\/div>\n        <div class=\"n2-ss-slider-controls n2-ss-slider-controls-absolute-left-center\"><div style=\"--widget-offset:15px;\" class=\"n2-ss-widget n2-style-6679a19c901d61fb802720533bbad114-heading nextend-arrow n2-ow-all nextend-arrow-previous  nextend-arrow-animated-fade\" data-hide-mobileportrait=\"1\" id=\"n2-ss-2-arrow-previous\" role=\"button\" aria-label=\"previous arrow\" tabindex=\"0\"><img loading=\"lazy\" decoding=\"async\" width=\"32\" height=\"32\" class=\"skip-lazy\" data-skip-lazy=\"1\" src=\"data:image\/svg+xml;base64,PHN2ZyB3aWR0aD0iMzIiIGhlaWdodD0iMzIiIHZpZXdCb3g9IjAgMCAzMiAzMiIgeG1sbnM9Imh0dHA6Ly93d3cudzMub3JnLzIwMDAvc3ZnIj4KICAgIDxwYXRoIGQ9Ik0xMS40MzMgMTUuOTkyTDIyLjY5IDUuNzEyYy4zOTMtLjM5LjM5My0xLjAzIDAtMS40Mi0uMzkzLS4zOS0xLjAzLS4zOS0xLjQyMyAwbC0xMS45OCAxMC45NGMtLjIxLjIxLS4zLjQ5LS4yODUuNzYtLjAxNS4yOC4wNzUuNTYuMjg0Ljc3bDExLjk4IDEwLjk0Yy4zOTMuMzkgMS4wMy4zOSAxLjQyNCAwIC4zOTMtLjQuMzkzLTEuMDMgMC0xLjQybC0xMS4yNTctMTAuMjkiCiAgICAgICAgICBmaWxsPSIjZmZmZmZmIiBvcGFjaXR5PSIwLjgiIGZpbGwtcnVsZT0iZXZlbm9kZCIvPgo8L3N2Zz4=\" alt=\"previous arrow\"><\/div><\/div><div class=\"n2-ss-slider-controls n2-ss-slider-controls-absolute-right-center\"><div style=\"--widget-offset:15px;\" class=\"n2-ss-widget n2-style-6679a19c901d61fb802720533bbad114-heading nextend-arrow n2-ow-all nextend-arrow-next  nextend-arrow-animated-fade\" data-hide-mobileportrait=\"1\" id=\"n2-ss-2-arrow-next\" role=\"button\" aria-label=\"next arrow\" tabindex=\"0\"><img loading=\"lazy\" decoding=\"async\" width=\"32\" height=\"32\" class=\"skip-lazy\" data-skip-lazy=\"1\" src=\"data:image\/svg+xml;base64,PHN2ZyB3aWR0aD0iMzIiIGhlaWdodD0iMzIiIHZpZXdCb3g9IjAgMCAzMiAzMiIgeG1sbnM9Imh0dHA6Ly93d3cudzMub3JnLzIwMDAvc3ZnIj4KICAgIDxwYXRoIGQ9Ik0xMC43MjIgNC4yOTNjLS4zOTQtLjM5LTEuMDMyLS4zOS0xLjQyNyAwLS4zOTMuMzktLjM5MyAxLjAzIDAgMS40MmwxMS4yODMgMTAuMjgtMTEuMjgzIDEwLjI5Yy0uMzkzLjM5LS4zOTMgMS4wMiAwIDEuNDIuMzk1LjM5IDEuMDMzLjM5IDEuNDI3IDBsMTIuMDA3LTEwLjk0Yy4yMS0uMjEuMy0uNDkuMjg0LS43Ny4wMTQtLjI3LS4wNzYtLjU1LS4yODYtLjc2TDEwLjcyIDQuMjkzeiIKICAgICAgICAgIGZpbGw9IiNmZmZmZmYiIG9wYWNpdHk9IjAuOCIgZmlsbC1ydWxlPSJldmVub2RkIi8+Cjwvc3ZnPg==\" alt=\"next arrow\"><\/div><\/div><div class=\"n2-ss-slider-controls n2-ss-slider-controls-absolute-center-bottom\"><div style=\"--widget-offset:10px;\" class=\"n2-ss-widget n2-ss-control-bullet n2-ow-all n2-ss-control-bullet-horizontal\"><div class=\" nextend-bullet-bar n2-bar-justify-content-center\" role=\"group\" aria-label=\"Choose slide to display.\"><div class=\"n2-bullet n2-style-9849c744c5bbaf7e938022e12e89585e-dot \" style=\"visibility:hidden;\"><\/div><\/div><\/div><\/div><\/div><\/div><ss3-loader><\/ss3-loader><\/div><\/div><div class=\"n2_clear\"><\/div><\/div><\/ss3-force-full-width><\/div>\n\n\n<div class=\"wp-block-group page-section-group has-dark-gray-color has-light-gray-background-color has-text-color has-background\"><div class=\"wp-block-group__inner-container is-layout-flow wp-block-group-is-layout-flow\"><div class=\"direct-link-container\"><div class=\"direct-link-card\"><img decoding=\"async\" class=\"direct-link-image\" src=\"https:\/\/akaram.ch\/en\/wp-content\/uploads\/sites\/3\/2020\/09\/icon_bakery.svg\"><\/img><h1>B\u00e4ckerei<\/h2><hr class=\"blue-line\"><div class=\"direct-link-text\"><p>Mit Produkten wie Conti Bake, endlosen Woll- und Polyesterfilzen und technischen Geweben sind wir Ihr Spezialist f\u00fcr B\u00e4ckerei- und Lebensmittelanwendungen.<br \/>\nHier finden Sie weitere Informationen zu unserem umfassenden Lieferprogramm<\/p>\n<\/div><a href=\"backerei\"><button>more<\/button><\/a><\/div><div class=\"direct-link-card\"><img decoding=\"async\" class=\"direct-link-image\" src=\"https:\/\/akaram.ch\/en\/wp-content\/uploads\/sites\/3\/2020\/09\/icon_textil.svg\"><\/img><h1>Textil-Ausr\u00fcstung<\/h2><hr class=\"blue-line\"><div class=\"direct-link-text\"><p>Wir von Akaram AG entwickeln, seit \u00fcber 25 Jahren endlose Filze und endlose High Load Silikonb\u00e4nder, in enger Zusammenarbeit mit unseren Kunden und OEM\u00b4s.<br \/>\nUnsere endlosen Produkte entsprechenden neuesten technischen Herausforderungen<\/p>\n<\/div><a href=\"textilausrustung\"><button>more<\/button><\/a><\/div><div class=\"direct-link-card\"><img decoding=\"async\" class=\"direct-link-image\" src=\"https:\/\/akaram.ch\/en\/wp-content\/uploads\/sites\/3\/2020\/09\/icon_consultation.svg\"><\/img><h1>Beratung<\/h2><hr class=\"blue-line\"><div class=\"direct-link-text\"><p>Mit \u00fcber 30 Jahren Erfahrung sind wir Ihr kompetenter Ansprechpartner f\u00fcr technische Gewebe, endlose Filze und allen Transportb\u00e4nder-Anwendungen.<br \/>\nKontaktieren Sie uns wir beraten Sie gerne bei Ihren speziellen Anliegen.<\/p>\n<\/div><a href=\"kontakt\"><button>more<\/button><\/a><\/div><\/div><\/div><\/div>\n\n\n\n<div class=\"wp-block-group welcome-text-block\"><div class=\"wp-block-group__inner-container is-layout-flow wp-block-group-is-layout-flow\">\n<div class=\"wp-block-columns is-layout-flex wp-container-core-columns-is-layout-9d6595d7 wp-block-columns-is-layout-flex\">\n<div class=\"wp-block-column is-layout-flow wp-block-column-is-layout-flow\">\n<div class=\"wp-block-group welcome-text-group\"><div class=\"wp-block-group__inner-container is-layout-flow wp-block-group-is-layout-flow\">\n<h1 class=\"wp-block-heading\">*(welcomeTitle_text)*<\/h1>\n\n\n\n<div class=\"wp-block-custom-akaram-blocks-blue-line alignleft blue-line-wrapper\" style=\"background-color:transparent;clear:both\"><hr class=\"blue-line\"\/><\/div>\n\n\n\n<p>*(welcome_text)*<\/p>\n\n\n\n<a href=\"uber-uns\" class=\"wp-block-custom-akaram-blocks-button-block\"><button>mehr<\/button><\/a>\n<\/div><\/div>\n<\/div>\n\n\n\n<div class=\"wp-block-column is-layout-flow wp-block-column-is-layout-flow\">\n<figure class=\"wp-block-image size-large\"><img loading=\"lazy\" decoding=\"async\" width=\"1024\" height=\"768\" src=\"https:\/\/akaram.ch\/wp-content\/uploads\/2020\/09\/pic_about_us-1-1024x768.jpg\" alt=\"\" class=\"wp-image-216\" srcset=\"https:\/\/akaram.ch\/en\/wp-content\/uploads\/sites\/3\/2020\/09\/pic_about_us-1-1024x768.jpg 1024w, https:\/\/akaram.ch\/en\/wp-content\/uploads\/sites\/3\/2020\/09\/pic_about_us-1-300x225.jpg 300w, https:\/\/akaram.ch\/en\/wp-content\/uploads\/sites\/3\/2020\/09\/pic_about_us-1-768x576.jpg 768w, https:\/\/akaram.ch\/en\/wp-content\/uploads\/sites\/3\/2020\/09\/pic_about_us-1-1536x1151.jpg 1536w, https:\/\/akaram.ch\/en\/wp-content\/uploads\/sites\/3\/2020\/09\/pic_about_us-1-2048x1535.jpg 2048w\" sizes=\"auto, (max-width: 1024px) 100vw, 1024px\" \/><\/figure>\n<\/div>\n<\/div>\n<\/div><\/div>\n\n\n\n<div class=\"wp-block-group page-section-group has-dark-gray-color has-light-gray-background-color has-text-color has-background\"><div class=\"wp-block-group__inner-container is-layout-flow wp-block-group-is-layout-flow\">\n<h1 class=\"has-text-align-center has-background wp-block-heading\" style=\"background-color:#e4e4e4\">*(newsTitle_text)*<\/h1>\n\n\n\n<div class=\"wp-block-custom-akaram-blocks-blue-line blue-line-wrapper\" style=\"background-color:#E4E4E4;clear:both\"><hr class=\"blue-line\"\/><\/div>\n\n\n<div class=\"latest-news-container\"><div class=\"latest-news-card\"><div class=\"latest-news-image-wrapper\"><img decoding=\"async\" class=\"latest-news-image\" src=\"https:\/\/akaram.ch\/en\/wp-content\/uploads\/sites\/3\/2020\/09\/pic_group_placeholder-1024x583.jpg\"><\/img><\/div><h2>News 1<\/h2><hr class=\"blue-line\"><div class=\"latest-news-text\">Lorem ipsum dolor sit amet, consetetur sadipscing elitr, sed diam nonumy eirmod tempor invidunt ut labore et dolore magna aliquyam erat, sed diam voluptua. At vero eos et accusam et justo duo dolores et ea rebum.<\/div><\/div><div class=\"latest-news-card\"><div class=\"latest-news-image-wrapper\"><img decoding=\"async\" class=\"latest-news-image\" src=\"https:\/\/akaram.ch\/en\/wp-content\/uploads\/sites\/3\/2020\/09\/link_silikon_beschichtung_reg.jpg\"><\/img><\/div><h2>News 2<\/h2><hr class=\"blue-line\"><div class=\"latest-news-text\">Lorem ipsum dolor sit amet, consetetur sadipscing elitr, sed diam nonumy eirmod tempor invidunt ut labore et dolore magna aliquyam erat, sed diam voluptua. At vero eos et accusam et justo duo dolores et ea rebum.<\/div><\/div><div class=\"latest-news-card\"><div class=\"latest-news-image-wrapper\"><img decoding=\"async\" class=\"latest-news-image\" src=\"https:\/\/akaram.ch\/en\/wp-content\/uploads\/sites\/3\/2020\/09\/link_contiband_reg-1.jpg\"><\/img><\/div><h2>News 3<\/h2><hr class=\"blue-line\"><div class=\"latest-news-text\">Lorem ipsum dolor sit amet, consetetur sadipscing elitr, sed diam nonumy eirmod tempor invidunt ut labore et dolore magna aliquyam erat, sed diam voluptua. At vero eos et accusam et justo duo dolores et ea rebum.<\/div><\/div><\/div><\/div><\/div>\n\n\n\n<div class=\"wp-block-group page-section-group\"><div class=\"wp-block-group__inner-container is-layout-flow wp-block-group-is-layout-flow\">\n<h1 class=\"has-text-align-center wp-block-heading\">*(bakeryProductsTitle_text)*<\/h1>\n\n\n\n<div class=\"wp-block-custom-akaram-blocks-blue-line blue-line-wrapper\" style=\"background-color:transparent;clear:both\"><hr class=\"blue-line\"\/><\/div>\n\n\n<div class=\"products-display-container\"><div class=\"link-panel\"><div class=\"link-panel-text-container\"><span class=\"link-title\">Conti Bake<\/span><span class=\"link-subtitle\">oven feeder<\/span><\/div><a href=\"https:\/\/akaram.ch\/en\/bakery_products\/conti-bake-be-6570\/\" ><img decoding=\"async\" class=\"link-image\" src=\"https:\/\/akaram.ch\/en\/wp-content\/uploads\/sites\/3\/2020\/09\/link_contiband_reg-1-300x208.jpg\"><\/img><\/a><\/div><div class=\"link-panel\"><div class=\"link-panel-text-container\"><span class=\"link-title\">Endless wool felts<\/span><span class=\"link-subtitle\">tubes and open felts<\/span><\/div><a href=\"https:\/\/akaram.ch\/en\/bakery_products\/endlose-wollfilze\/\" ><img decoding=\"async\" class=\"link-image\" src=\"https:\/\/akaram.ch\/en\/wp-content\/uploads\/sites\/3\/2020\/09\/link_endlose_wollfilze_reg-300x210.jpg\"><\/img><\/a><\/div><div class=\"link-panel\"><div class=\"link-panel-text-container\"><span class=\"link-title\">Gargeh\u00e4nge &amp; K\u00f6rbe<\/span><span class=\"link-subtitle\">f\u00fcr s\u00e4mtliche Garanlagen-Anwendungen und Br\u00f6tchen Anlagen<\/span><\/div><a href=\"https:\/\/akaram.ch\/en\/bakery_products\/gargehange-korbe\/\" ><img decoding=\"async\" class=\"link-image\" src=\"https:\/\/akaram.ch\/en\/wp-content\/uploads\/sites\/3\/2020\/09\/DSC01159-scaled-1-300x225.jpg\"><\/img><\/a><\/div><div class=\"link-panel\"><div class=\"link-panel-text-container\"><span class=\"link-title\">Friktionsbel\u00e4ge<\/span><\/div><a href=\"https:\/\/akaram.ch\/en\/bakery_products\/friktionsbelage\/\" ><img decoding=\"async\" class=\"link-image\" src=\"https:\/\/akaram.ch\/en\/wp-content\/uploads\/sites\/3\/2020\/09\/link_friktionsbelaege_reg-300x209.jpg\"><\/img><\/a><\/div><div class=\"link-panel\"><div class=\"link-panel-text-container\"><span class=\"link-title\">\u00dcbrige Transportb\u00e4nder<\/span><\/div><a href=\"https:\/\/akaram.ch\/en\/bakery_products\/ubrige-transportbander\/\" ><img decoding=\"async\" class=\"link-image\" src=\"https:\/\/akaram.ch\/en\/wp-content\/uploads\/sites\/3\/2020\/09\/DSC_0037-scaled-1-300x199.jpg\"><\/img><\/a><\/div><div class=\"link-panel\"><div class=\"link-panel-text-container\"><span class=\"link-title\">Rundwirkb\u00e4nder<\/span><\/div><a href=\"https:\/\/akaram.ch\/en\/bakery_products\/rundwirkbander\/\" ><img decoding=\"async\" class=\"link-image\" src=\"https:\/\/akaram.ch\/en\/wp-content\/uploads\/sites\/3\/2020\/09\/link_rundwirkbaender_reg-1-300x208.jpg\"><\/img><\/a><\/div><div class=\"link-panel\"><div class=\"link-panel-text-container\"><span class=\"link-title\">Textilien \/ Gewebe<\/span><span class=\"link-subtitle\">f\u00fcr B\u00e4ckerei-Hygiene Anw.<\/span><\/div><a href=\"https:\/\/akaram.ch\/en\/bakery_products\/textilien-gewebe\/\" ><img decoding=\"async\" class=\"link-image\" src=\"https:\/\/akaram.ch\/en\/wp-content\/uploads\/sites\/3\/2021\/01\/IMG_20150901_132524-scaled-1-300x169.jpg\"><\/img><\/a><\/div><div class=\"link-panel\"><div class=\"link-panel-text-container\"><span class=\"link-title\">Endlose Biscuits &#8211;<\/span><span class=\"link-subtitle\">Austragsb\u00e4nder<\/span><\/div><a href=\"https:\/\/akaram.ch\/en\/bakery_products\/endlose-bisquits\/\" ><img decoding=\"async\" class=\"link-image\" src=\"https:\/\/akaram.ch\/en\/wp-content\/uploads\/sites\/3\/2021\/01\/IMG_1526-scaled-1-300x225.jpg\"><\/img><\/a><\/div><div class=\"link-panel\"><div class=\"link-panel-text-container\"><span class=\"link-title\">Spreizb\u00e4nder<\/span><\/div><a href=\"https:\/\/akaram.ch\/en\/bakery_products\/spreizbander\/\" ><img decoding=\"async\" class=\"link-image\" src=\"https:\/\/akaram.ch\/en\/wp-content\/uploads\/sites\/3\/2020\/09\/link_spreizbaender_reg-1-300x208.jpg\"><\/img><\/a><\/div><\/div>\n\n\n<h1 class=\"has-text-align-center wp-block-heading\">*(textileProductsTitle_text)*<\/h1>\n\n\n\n<div class=\"wp-block-custom-akaram-blocks-blue-line blue-line-wrapper\" style=\"background-color:transparent;clear:both\"><hr class=\"blue-line\"\/><\/div>\n\n\n<div class=\"products-display-container\"><div class=\"link-panel\"><div class=\"link-panel-text-container\"><span class=\"link-title\">Sanfor Filze<\/span><\/div><a href=\"https:\/\/akaram.ch\/en\/textile_products\/sanfor-filze\/\" ><img decoding=\"async\" class=\"link-image\" src=\"https:\/\/akaram.ch\/en\/wp-content\/uploads\/sites\/3\/2020\/09\/link_sanfor_filze_reg-1-300x209.jpg\"><\/img><\/a><\/div><div class=\"link-panel\"><div class=\"link-panel-text-container\"><span class=\"link-title\">Compactor Filze<\/span><\/div><a href=\"https:\/\/akaram.ch\/en\/textile_products\/compactor-filze\/\" ><img decoding=\"async\" class=\"link-image\" src=\"https:\/\/akaram.ch\/en\/wp-content\/uploads\/sites\/3\/2020\/09\/link_compactor_filze_reg-1-300x208.jpg\"><\/img><\/a><\/div><div class=\"link-panel\"><div class=\"link-panel-text-container\"><span class=\"link-title\">Thermoumdruck Filze Nonex<\/span><\/div><a href=\"https:\/\/akaram.ch\/en\/textile_products\/thermoumdruck-filze-nonex\/\" ><img decoding=\"async\" class=\"link-image\" src=\"https:\/\/akaram.ch\/en\/wp-content\/uploads\/sites\/3\/2020\/09\/link_thermodruckfilze_reg-1-300x209.jpg\"><\/img><\/a><\/div><div class=\"link-panel\"><div class=\"link-panel-text-container\"><span class=\"link-title\">Dryer belts<\/span><\/div><a href=\"https:\/\/akaram.ch\/en\/textile_products\/trockenbander\/\" ><img decoding=\"async\" class=\"link-image\" src=\"https:\/\/akaram.ch\/en\/wp-content\/uploads\/sites\/3\/2020\/09\/link_trocknerbaender_reg-300x209.jpg\"><\/img><\/a><\/div><div class=\"link-panel\"><div class=\"link-panel-text-container\"><span class=\"link-title\">Endlose Gummib\u00e4nder (MAT)<\/span><\/div><a href=\"https:\/\/akaram.ch\/en\/textile_products\/endlose-gummibander-mat\/\" ><img decoding=\"async\" class=\"link-image\" src=\"https:\/\/akaram.ch\/en\/wp-content\/uploads\/sites\/3\/2021\/01\/MAT-scaled-1-300x225.jpg\"><\/img><\/a><\/div><div class=\"link-panel-placeholder\"><\/div><\/div><\/div><\/div>\n","protected":false},"excerpt":{"rendered":"<p>*(welcomeTitle_text)* *(welcome_text)* *(newsTitle_text)* *(bakeryProductsTitle_text)* *(textileProductsTitle_text)*<\/p>\n","protected":false},"author":1,"featured_media":0,"parent":0,"menu_order":0,"comment_status":"closed","ping_status":"closed","template":"","meta":{"_acf_changed":false,"footnotes":""},"class_list":["post-22","page","type-page","status-publish","hentry"],"acf":[],"_links":{"self":[{"href":"https:\/\/akaram.ch\/en\/wp-json\/wp\/v2\/pages\/22","targetHints":{"allow":["GET"]}}],"collection":[{"href":"https:\/\/akaram.ch\/en\/wp-json\/wp\/v2\/pages"}],"about":[{"href":"https:\/\/akaram.ch\/en\/wp-json\/wp\/v2\/types\/page"}],"author":[{"embeddable":true,"href":"https:\/\/akaram.ch\/en\/wp-json\/wp\/v2\/users\/1"}],"replies":[{"embeddable":true,"href":"https:\/\/akaram.ch\/en\/wp-json\/wp\/v2\/comments?post=22"}],"version-history":[{"count":3,"href":"https:\/\/akaram.ch\/en\/wp-json\/wp\/v2\/pages\/22\/revisions"}],"predecessor-version":[{"id":1403,"href":"https:\/\/akaram.ch\/en\/wp-json\/wp\/v2\/pages\/22\/revisions\/1403"}],"wp:attachment":[{"href":"https:\/\/akaram.ch\/en\/wp-json\/wp\/v2\/media?parent=22"}],"curies":[{"name":"wp","href":"https:\/\/api.w.org\/{rel}","templated":true}]}}